{"id":2909,"date":"2025-09-29T16:55:36","date_gmt":"2025-09-29T16:55:36","guid":{"rendered":"https:\/\/amazonflotilla.quipa.org\/media-kit\/"},"modified":"2025-10-22T16:22:41","modified_gmt":"2025-10-22T16:22:41","slug":"media-kit","status":"publish","type":"page","link":"https:\/\/amazonflotilla.quipa.org\/pt-br\/media-kit\/","title":{"rendered":"Media Kit"},"content":{"rendered":"","protected":true},"excerpt":{"rendered":"","protected":true},"author":1,"featured_media":0,"parent":0,"menu_order":0,"comment_status":"closed","ping_status":"closed","template":"","meta":{"site-sidebar-layout":"no-sidebar","site-content-layout":"","ast-site-content-layout":"full-width-container","site-content-style":"default","site-sidebar-style":"default","ast-global-header-display":"","ast-banner-title-visibility":"","ast-main-header-display":"","ast-hfb-above-header-display":"","ast-hfb-below-header-display":"","ast-hfb-mobile-header-display":"","site-post-title":"disabled","ast-breadcrumbs-content":"","ast-featured-img":"disabled","footer-sml-layout":"","ast-disable-related-posts":"","theme-transparent-header-meta":"","adv-header-id-meta":"","stick-header-meta":"","header-above-stick-meta":"","header-main-stick-meta":"","header-below-stick-meta":"","astra-migrate-meta-layouts":"default","ast-page-background-enabled":"default","ast-page-background-meta":{"desktop":{"background-color":"var(--ast-global-color-5)","background-image":"","background-repeat":"repeat","background-position":"center center","background-size":"auto","background-attachment":"scroll","background-type":"","background-media":"","overlay-type":"","overlay-color":"","overlay-opacity":"","overlay-gradient":""},"tablet":{"background-color":"","background-image":"","background-repeat":"repeat","background-position":"center center","background-size":"auto","background-attachment":"scroll","background-type":"","background-media":"","overlay-type":"","overlay-color":"","overlay-opacity":"","overlay-gradient":""},"mobile":{"background-color":"","background-image":"","background-repeat":"repeat","background-position":"center center","background-size":"auto","background-attachment":"scroll","background-type":"","background-media":"","overlay-type":"","overlay-color":"","overlay-opacity":"","overlay-gradient":""}},"ast-content-background-meta":{"desktop":{"background-color":"var(--ast-global-color-4)","background-image":"","background-repeat":"repeat","background-position":"center center","background-size":"auto","background-attachment":"scroll","background-type":"","background-media":"","overlay-type":"","overlay-color":"","overlay-opacity":"","overlay-gradient":""},"tablet":{"background-color":"var(--ast-global-color-4)","background-image":"","background-repeat":"repeat","background-position":"center center","background-size":"auto","background-attachment":"scroll","background-type":"","background-media":"","overlay-type":"","overlay-color":"","overlay-opacity":"","overlay-gradient":""},"mobile":{"background-color":"var(--ast-global-color-4)","background-image":"","background-repeat":"repeat","background-position":"center center","background-size":"auto","background-attachment":"scroll","background-type":"","background-media":"","overlay-type":"","overlay-color":"","overlay-opacity":"","overlay-gradient":""}},"footnotes":""},"class_list":["post-2909","page","type-page","status-publish","post-password-required","hentry"],"yoast_head":"<!-- This site is optimized with the Yoast SEO plugin v27.4 - https:\/\/yoast.com\/product\/yoast-seo-wordpress\/ -->\n<title>Media Kit -<\/title>\n<meta name=\"robots\" content=\"index, follow, max-snippet:-1, max-image-preview:large, max-video-preview:-1\" \/>\n<link rel=\"canonical\" href=\"https:\/\/amazonflotilla.quipa.org\/pt-br\/media-kit\/\" \/>\n<meta property=\"og:locale\" content=\"pt_BR\" \/>\n<meta property=\"og:type\" content=\"article\" \/>\n<meta property=\"og:title\" content=\"Media Kit -\" \/>\n<meta property=\"og:description\" content=\"N\u00e3o h\u00e1 resumo por ser um post protegido.\" \/>\n<meta property=\"og:url\" content=\"https:\/\/amazonflotilla.quipa.org\/pt-br\/media-kit\/\" \/>\n<meta property=\"article:publisher\" content=\"https:\/\/www.facebook.com\/profile.php?id=61581712270937\" \/>\n<meta property=\"article:modified_time\" content=\"2025-10-22T16:22:41+00:00\" \/>\n<meta name=\"twitter:card\" content=\"summary_large_image\" \/>\n<meta name=\"twitter:site\" content=\"@amazonflotilla\" \/>\n<meta name=\"twitter:label1\" content=\"Est. tempo de leitura\" \/>\n\t<meta name=\"twitter:data1\" content=\"5 minutos\" \/>\n<script type=\"application\/ld+json\" class=\"yoast-schema-graph\">{\"@context\":\"https:\\\/\\\/schema.org\",\"@graph\":[{\"@type\":\"WebPage\",\"@id\":\"https:\\\/\\\/amazonflotilla.quipa.org\\\/pt-br\\\/media-kit\\\/\",\"url\":\"https:\\\/\\\/amazonflotilla.quipa.org\\\/pt-br\\\/media-kit\\\/\",\"name\":\"Media Kit -\",\"isPartOf\":{\"@id\":\"https:\\\/\\\/amazonflotilla.quipa.org\\\/pt-br\\\/#website\"},\"datePublished\":\"2025-09-29T16:55:36+00:00\",\"dateModified\":\"2025-10-22T16:22:41+00:00\",\"breadcrumb\":{\"@id\":\"https:\\\/\\\/amazonflotilla.quipa.org\\\/pt-br\\\/media-kit\\\/#breadcrumb\"},\"inLanguage\":\"pt-BR\"},{\"@type\":\"WebSite\",\"@id\":\"https:\\\/\\\/amazonflotilla.quipa.org\\\/pt-br\\\/#website\",\"url\":\"https:\\\/\\\/amazonflotilla.quipa.org\\\/pt-br\\\/\",\"name\":\"Yaku Mama Flotilla Amaz\u00f3nica\",\"description\":\"Navegamos de los Andes a la Amazon\u00eda rumbo a la COP30 en Belem. Este es nuestro llamado a la verdadera justicia clim\u00e1tica, liderado por quienes habitamos los territorios.\",\"potentialAction\":[{\"@type\":\"SearchAction\",\"target\":{\"@type\":\"EntryPoint\",\"urlTemplate\":\"https:\\\/\\\/amazonflotilla.quipa.org\\\/pt-br\\\/?s={search_term_string}\"},\"query-input\":{\"@type\":\"PropertyValueSpecification\",\"valueRequired\":true,\"valueName\":\"search_term_string\"}}],\"inLanguage\":\"pt-BR\"}]}<\/script>\n<!-- \/ Yoast SEO plugin. -->","yoast_head_json":{"title":"Media Kit -","robots":{"index":"index","follow":"follow","max-snippet":"max-snippet:-1","max-image-preview":"max-image-preview:large","max-video-preview":"max-video-preview:-1"},"canonical":"https:\/\/amazonflotilla.quipa.org\/pt-br\/media-kit\/","og_locale":"pt_BR","og_type":"article","og_title":"Media Kit -","og_description":"N\u00e3o h\u00e1 resumo por ser um post protegido.","og_url":"https:\/\/amazonflotilla.quipa.org\/pt-br\/media-kit\/","article_publisher":"https:\/\/www.facebook.com\/profile.php?id=61581712270937","article_modified_time":"2025-10-22T16:22:41+00:00","twitter_card":"summary_large_image","twitter_site":"@amazonflotilla","twitter_misc":{"Est. tempo de leitura":"5 minutos"},"schema":{"@context":"https:\/\/schema.org","@graph":[{"@type":"WebPage","@id":"https:\/\/amazonflotilla.quipa.org\/pt-br\/media-kit\/","url":"https:\/\/amazonflotilla.quipa.org\/pt-br\/media-kit\/","name":"Media Kit -","isPartOf":{"@id":"https:\/\/amazonflotilla.quipa.org\/pt-br\/#website"},"datePublished":"2025-09-29T16:55:36+00:00","dateModified":"2025-10-22T16:22:41+00:00","breadcrumb":{"@id":"https:\/\/amazonflotilla.quipa.org\/pt-br\/media-kit\/#breadcrumb"},"inLanguage":"pt-BR"},{"@type":"WebSite","@id":"https:\/\/amazonflotilla.quipa.org\/pt-br\/#website","url":"https:\/\/amazonflotilla.quipa.org\/pt-br\/","name":"Yaku Mama Flotilla Amaz\u00f3nica","description":"Navegamos de los Andes a la Amazon\u00eda rumbo a la COP30 en Belem. Este es nuestro llamado a la verdadera justicia clim\u00e1tica, liderado por quienes habitamos los territorios.","potentialAction":[{"@type":"SearchAction","target":{"@type":"EntryPoint","urlTemplate":"https:\/\/amazonflotilla.quipa.org\/pt-br\/?s={search_term_string}"},"query-input":{"@type":"PropertyValueSpecification","valueRequired":true,"valueName":"search_term_string"}}],"inLanguage":"pt-BR"}]}},"_hostinger_reach_plugin_has_subscription_block":false,"_hostinger_reach_plugin_is_elementor":false,"_links":{"self":[{"href":"https:\/\/amazonflotilla.quipa.org\/pt-br\/wp-json\/wp\/v2\/pages\/2909","targetHints":{"allow":["GET"]}}],"collection":[{"href":"https:\/\/amazonflotilla.quipa.org\/pt-br\/wp-json\/wp\/v2\/pages"}],"about":[{"href":"https:\/\/amazonflotilla.quipa.org\/pt-br\/wp-json\/wp\/v2\/types\/page"}],"author":[{"embeddable":true,"href":"https:\/\/amazonflotilla.quipa.org\/pt-br\/wp-json\/wp\/v2\/users\/1"}],"replies":[{"embeddable":true,"href":"https:\/\/amazonflotilla.quipa.org\/pt-br\/wp-json\/wp\/v2\/comments?post=2909"}],"version-history":[{"count":112,"href":"https:\/\/amazonflotilla.quipa.org\/pt-br\/wp-json\/wp\/v2\/pages\/2909\/revisions"}],"predecessor-version":[{"id":5523,"href":"https:\/\/amazonflotilla.quipa.org\/pt-br\/wp-json\/wp\/v2\/pages\/2909\/revisions\/5523"}],"wp:attachment":[{"href":"https:\/\/amazonflotilla.quipa.org\/pt-br\/wp-json\/wp\/v2\/media?parent=2909"}],"curies":[{"name":"wp","href":"https:\/\/api.w.org\/{rel}","templated":true}]}}